{"id":6,"date":"2022-04-04T16:41:52","date_gmt":"2022-04-04T14:41:52","guid":{"rendered":"http:\/\/france-region.info\/?page_id=6"},"modified":"2022-04-04T16:46:33","modified_gmt":"2022-04-04T14:46:33","slug":"creez-votre-site-avec-des-blocs","status":"publish","type":"page","link":"https:\/\/france-region.info\/","title":{"rendered":"France Region"},"content":{"rendered":"\n<h2 class=\"alignwide has-text-align-center has-text-align-wide has-gigantic-font-size wp-block-heading\" style=\"line-height:1.1\">France-region.info<\/h2>\n\n\n\n<p>Nous sommes en maintenance. Nous revenons avec une version am\u00e9lior\u00e9e pour continuer \u00e0 vous apporter les informations administratives, politiques et publiques au quotidien.<\/p>\n","protected":false},"excerpt":{"rendered":"<p>France-region.info Nous sommes en maintenance. Nous revenons avec une version am\u00e9lior\u00e9e pour continuer \u00e0 vous apporter les informations administratives, politiques et publiques au quotidien.<\/p>\n","protected":false},"author":1,"featured_media":0,"parent":0,"menu_order":0,"comment_status":"closed","ping_status":"closed","template":"","meta":{"footnotes":""},"class_list":["post-6","page","type-page","status-publish","hentry","entry"],"_links":{"self":[{"href":"https:\/\/france-region.info\/index.php\/wp-json\/wp\/v2\/pages\/6","targetHints":{"allow":["GET"]}}],"collection":[{"href":"https:\/\/france-region.info\/index.php\/wp-json\/wp\/v2\/pages"}],"about":[{"href":"https:\/\/france-region.info\/index.php\/wp-json\/wp\/v2\/types\/page"}],"author":[{"embeddable":true,"href":"https:\/\/france-region.info\/index.php\/wp-json\/wp\/v2\/users\/1"}],"replies":[{"embeddable":true,"href":"https:\/\/france-region.info\/index.php\/wp-json\/wp\/v2\/comments?post=6"}],"version-history":[{"count":4,"href":"https:\/\/france-region.info\/index.php\/wp-json\/wp\/v2\/pages\/6\/revisions"}],"predecessor-version":[{"id":26,"href":"https:\/\/france-region.info\/index.php\/wp-json\/wp\/v2\/pages\/6\/revisions\/26"}],"wp:attachment":[{"href":"https:\/\/france-region.info\/index.php\/wp-json\/wp\/v2\/media?parent=6"}],"curies":[{"name":"wp","href":"https:\/\/api.w.org\/{rel}","templated":true}]}}